{"id":3,"date":"2024-04-23T06:03:31","date_gmt":"2024-04-23T06:03:31","guid":{"rendered":"https:\/\/luxna-lighting.de\/wordpress\/?page_id=3"},"modified":"2026-01-09T10:26:17","modified_gmt":"2026-01-09T10:26:17","slug":"impressum","status":"publish","type":"page","link":"https:\/\/luxna-lighting.de\/wordpress\/index.php\/impressum\/","title":{"rendered":"Impressum"},"content":{"rendered":"\n<h2 class=\"wp-block-heading\">KONTAKT<\/h2>\n\n\n\n<p>YESSS Elektrofachgro\u00dfhandlung GmbH<br>Karl-Carstens-Stra\u00dfe 10<br>52146 W\u00fcrselen<br>Telefon: +49 (0)2405 &#8211; 4718100<\/p>\n\n\n\n<p><strong>Vertrieb durch<br><\/strong>YESSS Elektrofachgro\u00dfhandlung GmbH<br>Fiduciastra\u00dfe 2<br>76227 Karlsruhe<br><br>Telefon: +49 (0)721 &#8211; 4098 &#8211; 0<br>Fax: +49 (0)721 &#8211; 4098 &#8211; 201<br>E-Mail:&nbsp;info@yesss.de<\/p>\n\n\n\n<p><strong>Gesch\u00e4ftsf\u00fchrer<br><\/strong>Tristan Mackie, Stephen Myers, Valentin Parisi<\/p>\n\n\n\n<p><strong>Handelsregister<br><\/strong>Amtsgericht Mannheim, HRB 101627<\/p>\n\n\n\n<p><strong>Umsatzsteuer-Identifikationsnummer<br><\/strong>DE143581185<\/p>\n\n\n\n<h2 class=\"wp-block-heading\">NUTZUNGSBEDINGUNGEN<\/h2>\n\n\n\n<h2 class=\"wp-block-heading\">HAFTUNG F\u00dcR INHALTE<\/h2>\n\n\n\n<p>Wir bem\u00fchen uns um Vollst\u00e4ndigkeit, Richtigkeit und Aktualit\u00e4t unserer Seiten. Gem\u00e4\u00df \u00a7 7 Absatz 1 TMG sind wir als Diensteanbieter f\u00fcr eigene Informationen, die wir zur Nutzung bereithalten nach den allgemeinen Gesetzes verantwortlich. Wir sind gem\u00e4\u00df \u00a7 7 Absatz 2 TMG jedoch nicht verpflichtet, \u00fcbermittelte oder gespeicherte Informationen zu \u00fcberwachen oder nach den Umst\u00e4nden zu forschen, die auf eine rechtswidrige T\u00e4tigkeit hinweisen und im \u00dcbrigen nur nach den \u00a7\u00a7 8-10 TMG verantwortlich.<\/p>\n\n\n\n<h2 class=\"wp-block-heading\">HAFTUNG F\u00dcR LINKS<\/h2>\n\n\n\n<p>Sofern unsere Seiten Verkn\u00fcpfungen zu Webseiten Dritter enthalten, weisen wir darauf hin, dass wir auf die Inhalte dieser Webseiten keinen Einfluss haben. Eine Gew\u00e4hr f\u00fcr die Richtigkeit und Vollst\u00e4ndigkeit dieser Inhalte k\u00f6nnen wir daher nicht \u00fcbernehmen. Verweise und Links auf Webseiten Dritter bedeuten nicht, dass wir uns die hinter dem Verweis oder Link liegenden Inhalte zu eigen machen. F\u00fcr rechtswidrige, fehlerhafte oder unvollst\u00e4ndige Inhalt und f\u00fcr Sch\u00e4den, die aufgrund der Nutzung von einem hinter dem Link liegenden Inhalt verursacht worden sind, haften wir daher nicht.<\/p>\n\n\n\n<h2 class=\"wp-block-heading\">URHEBERRECHT<\/h2>\n\n\n\n<p>Durch den Betreiber auf diesen Webseiten angebotene Inhalte und Werke unterliegen gegebenenfalls dem Urheberrecht und sind durch gewerbliche Schutzrechten f\u00fcr uns oder Dritte gesch\u00fctzt. Es ist nicht gestattet, die Webseite im ganzen oder einzelne Teile davon herunterzuladen, zu vervielf\u00e4ltigen, zu bearbeiten und zu verbreiten. Die Vervielf\u00e4ltigung, Bearbeitung, Verbreitung und jede andere Art der Verwertung au\u00dferhalb der Grenzen des Urheberrechts bed\u00fcrfen in jedem Fall der schriftlichen Zustimmung des jeweiligen Autors bzw. Erstellers.<\/p>\n\n\n\n<h2 class=\"wp-block-heading\">DATENSCHUTZ<\/h2>\n\n\n\n<p>Wir k\u00f6nnen keine Gew\u00e4hr f\u00fcr die Sicherheit der Daten\u00fcbertragung im Internet \u00fcbernehmen, insbesondere besteht bei der \u00dcbertragung von Daten im E-Mail-Verkehr die Gefahr des Zugriffs durch Dritte. Zum Schutz personenbezogener Daten siehe unsere Datenschutzerkl\u00e4rung.<\/p>\n","protected":false},"excerpt":{"rendered":"<p>KONTAKT YESSS Elektrofachgro\u00dfhandlung GmbHKarl-Carstens-Stra\u00dfe 1052146 W\u00fcrselenTelefon: +49 (0)2405 &#8211; 4718100 Vertrieb durchYESSS Elektrofachgro\u00dfhandlung GmbHFiduciastra\u00dfe 276227 Karlsruhe Telefon: +49 (0)721 &#8211; 4098 &#8211; 0Fax: +49 (0)721 &#8211; 4098 &#8211; 201E-Mail:&nbsp;info@yesss.de Gesch\u00e4ftsf\u00fchrerTristan Mackie, Stephen Myers, Valentin Parisi HandelsregisterAmtsgericht Mannheim, HRB 101627 Umsatzsteuer-IdentifikationsnummerDE143581185 NUTZUNGSBEDINGUNGEN HAFTUNG F\u00dcR INHALTE Wir bem\u00fchen uns um Vollst\u00e4ndigkeit, Richtigkeit und Aktualit\u00e4t unserer Seiten. Gem\u00e4\u00df [&hellip;]<\/p>\n","protected":false},"author":1,"featured_media":0,"parent":0,"menu_order":0,"comment_status":"closed","ping_status":"closed","template":"","meta":{"footnotes":""},"class_list":["post-3","page","type-page","status-publish","hentry"],"_links":{"self":[{"href":"https:\/\/luxna-lighting.de\/wordpress\/index.php\/wp-json\/wp\/v2\/pages\/3","targetHints":{"allow":["GET"]}}],"collection":[{"href":"https:\/\/luxna-lighting.de\/wordpress\/index.php\/wp-json\/wp\/v2\/pages"}],"about":[{"href":"https:\/\/luxna-lighting.de\/wordpress\/index.php\/wp-json\/wp\/v2\/types\/page"}],"author":[{"embeddable":true,"href":"https:\/\/luxna-lighting.de\/wordpress\/index.php\/wp-json\/wp\/v2\/users\/1"}],"replies":[{"embeddable":true,"href":"https:\/\/luxna-lighting.de\/wordpress\/index.php\/wp-json\/wp\/v2\/comments?post=3"}],"version-history":[{"count":4,"href":"https:\/\/luxna-lighting.de\/wordpress\/index.php\/wp-json\/wp\/v2\/pages\/3\/revisions"}],"predecessor-version":[{"id":377,"href":"https:\/\/luxna-lighting.de\/wordpress\/index.php\/wp-json\/wp\/v2\/pages\/3\/revisions\/377"}],"wp:attachment":[{"href":"https:\/\/luxna-lighting.de\/wordpress\/index.php\/wp-json\/wp\/v2\/media?parent=3"}],"curies":[{"name":"wp","href":"https:\/\/api.w.org\/{rel}","templated":true}]}}