{"id":48,"date":"2024-04-23T09:45:21","date_gmt":"2024-04-23T09:45:21","guid":{"rendered":"https:\/\/luxna-lighting.de\/wordpress\/?page_id=48"},"modified":"2026-01-09T10:29:24","modified_gmt":"2026-01-09T10:29:24","slug":"datenschutz","status":"publish","type":"page","link":"https:\/\/luxna-lighting.de\/wordpress\/index.php\/datenschutz\/","title":{"rendered":"Datenschutz"},"content":{"rendered":"\n<p><small>(Stand: Februar 2020)<\/small><br>Wir freuen uns \u00fcber Ihren Besuch unserer Website und \u00fcber Ihr Interesse an unserem Unternehmen und unseren Produkten. Hierbei achten wir Ihre Privatsph\u00e4re und gew\u00e4hrleisten den Schutz Ihrer personenbezogenen Daten, indem wir Ihre personenbezogenen Daten in \u00dcbereinstimmung mit dem Inhalt dieser Datenschutzbestimmungen sowie den anwendbaren Datenschutzgesetzen, verarbeiten. Sie k\u00f6nnen unsere Webseiten besuchen, ohne uns mitzuteilen, wer Sie sind. Um unsere Webseiten darstellen zu k\u00f6nnen, sind Sie lediglich verpflichtet, die von Ihrem Browser an unseren Server \u00fcbermittelten Daten (siehe \u201eLogfiles\u201c) zur Verf\u00fcgung zu stellen. Weitere personenbezogene Daten von Ihnen werden nur dann gespeichert, wenn Sie diese freiwillig auf der Website eingeben oder entsprechende Funktionen nutzen, z.B. bei Eingaben \u00fcber unser Kontaktformular.<\/p>\n\n\n\n<h5 class=\"wp-block-heading\">KONTAKT<\/h5>\n\n\n\n<p>Sie k\u00f6nnen Ihre personenbezogenen Daten auf unserer Website eingeben, um mit uns in Kontakt zu treten. Hierf\u00fcr sind Daten an den mit einem Sternchen versehenen Felder als Pflichtangaben anzugeben. Weil wir uns vorbehalten, Ihre Anfrage entweder postalisch, elektronisch oder telefonisch zu beantworten, sind hier auch Angaben erforderlich. Die Angabe weiterer Daten kann f\u00fcr die Bearbeitung Ihrer Anfrage hilfreich sein, ist aber nicht zwingend (freiwillige Angaben). Diese Daten werden mit Ihrer Einwilligung ausschlie\u00dflich zum Zwecke der Bearbeitung Ihrer Nachricht genutzt und gespeichert (Art. 6 Abs. 1 S. 1 lit. a DSGVO). Eine Nutzung f\u00fcr andere Zwecke oder eine Weitergabe an Dritte erfolgt nur in den in der Datenschutzerkl\u00e4rung benannten F\u00e4llen, es sei denn, Sie stimmen dem ausdr\u00fccklich zu (Einwilligung).<\/p>\n\n\n\n<h5 class=\"wp-block-heading\">BESTELLUNGEN, KUNDENKONTO<\/h5>\n\n\n\n<p>Um \u00fcber unseren b2b-Online-Shop bestellen zu k\u00f6nnen, legen Sie sich ein Benutzerkonto an. Die Registrierung k\u00f6nnen Sie \u00fcber das Kontaktformular, mit Angabe der unter \u201cKontakt\u201c aufgef\u00fchrten Daten, vornehmen. Wir verarbeiten diese personenbezogenen Daten zur Durchf\u00fchrung von Bestellungen bzw. zur Vertragsanbahnung (Art. 6 Abs. 1 S. 1 lit. b DSGVO). Sie k\u00f6nnen Ihr Benutzerkonto jederzeit durch Zusendung eines E-Mails an uns unter den unter \u201eVerantwortlicher\u201c genannten Kontaktdaten l\u00f6schen lassen. Wir l\u00f6schen Ihre Daten nach vollst\u00e4ndiger Abwicklung des Vertrages unter Ber\u00fccksichtigung steuer- und handelsrechtlicher Aufbewahrungsfristen. Diese Daten nutzen wir ausschlie\u00dflich f\u00fcr die genannten Zwecke, eine Weitergabe dieser Daten an Dritte oder andere Unternehmen findet nicht statt, au\u00dfer an die zur Durchf\u00fchrung der Versendung von uns beauftragte Logistikunternehmen. Eine Weitergabe Ihrer Daten an Dritte erfolgt nur in den in der Datenschutzerkl\u00e4rung benannten F\u00e4llen.<\/p>\n\n\n\n<h5 class=\"wp-block-heading\">WEITERGABE AN DRITTE<\/h5>\n\n\n\n<p>Bei einem Kauf auf Rechnung tritt die Verk\u00e4uferin die vertragsgegenst\u00e4ndliche Forderung ggf. zu Finanzierungszwecken und zum Zwecke des Forderungseinzugs im Rahmen der gesetzlichen Vorschriften an Dritte ab und \u00fcbermittelt in diesem Zusammenhang personenbezogene Daten an Dritte, die die personenbezogenen Daten im Rahmen der geltenden Datenschutzbestimmungen zum Forderungseinzug und unter Umst\u00e4nden zu statistischen Zwecken verarbeiten.<\/p>\n\n\n\n<h5 class=\"wp-block-heading\">BONIT\u00c4TSPR\u00dcFUNG UND MELDUNG VON NEGATIVDATEN<\/h5>\n\n\n\n<p>Zur Wahrnehmung unserer berechtigten Interessen, z. B. bei einem Kauf auf Rechnung, holen wir ggf. eine Bonit\u00e4tsauskunft auf der Basis mathematisch-statistischer Verfahren bei der Creditreform Hagen Berkey und Riegel KG, Postfach 608, 58006 Hagen ein. Hierzu \u00fcbermitteln wir die zu einer Bonit\u00e4tspr\u00fcfung ben\u00f6tigten personenbezogenen Daten (Vor- und Zunamen, Anschrift sowie ggf. Geburtsdatum und Kreditkartendaten) an die Creditreform Hagen Berkey und Riegel KG und verwenden die erhaltenen Informationen \u00fcber die statistische Wahrscheinlichkeit eines Zahlungsausfalls f\u00fcr eine abgewogene Entscheidung \u00fcber die Begr\u00fcndung, Durchf\u00fchrung oder Beendigung des Vertragsverh\u00e4ltnisses. Die Bonit\u00e4tsauskunft kann Wahrscheinlichkeitswerte (sogenannte Score-Werte) beinhalten, die auf Basis wissenschaftlich anerkannter mathematisch-statistischer Verfahren berechnet werden und in deren Berechnung unter anderem, jedoch nicht ausschlie\u00dflich, Anschriftendaten einflie\u00dfen. Schutzw\u00fcrdige Belange Ihrer Person werden nach Ma\u00dfgabe der gesetzlichen Bestimmungen ber\u00fccksichtigt. Die Rechtsgrundlage hierbei ist Art. 6 Abs. 1 lit. f DSGVO. Wir behalten uns zudem vor, Ihre personenbezogenen Daten bei einem nicht vertragsgem\u00e4\u00dfen Verhalten an die Creditreform Hagen Berkey und Riegel KG, Postfach 608, 58006 Hagen zu \u00fcbermitteln, soweit die von Ihnen geschuldete Leistung trotz F\u00e4lligkeit nicht erbracht worden ist, die \u00dcbermittlung zur Wahrung unserer berechtigten Interessen oder der Interessen eines Dritten erforderlich ist und die Forderung durch ein rechtskr\u00e4ftiges oder f\u00fcr vorl\u00e4ufig vollstreckbar erkl\u00e4rtes Urteil festgestellt worden ist oder ein Schuldtitel nach \u00a7 794 der Zivilprozessordnung vorliegt oder die Forderung nach \u00a7 178 der Insolvenzordnung festgestellt und nicht von Ihnen im Pr\u00fcfungstermin bestritten worden ist oder Sie die Forderung ausdr\u00fccklich anerkannt haben oder Sie nach Eintritt der F\u00e4lligkeit der Forderung mindestens zweimal schriftlich gemahnt worden sind, zwischen der ersten Mahnung und der \u00dcbermittlung der Daten mindestens vier Wochen liegen, wir Sie rechtzeitig vor der \u00dcbermittlung der Angaben, jedoch fr\u00fchestens bei der ersten Mahnung \u00fcber die bevorstehende \u00dcbermittlung unterrichtet haben und Sie die Forderung nicht bestritten haben oder wir das der Forderung zugrundeliegende Vertragsverh\u00e4ltnis aufgrund von Zahlungsr\u00fcckst\u00e4nden fristlos k\u00fcndigen k\u00f6nnen und wir Sie \u00fcber die bevorstehende \u00dcbermittlung unterrichtet haben.<\/p>\n\n\n\n<p>Die Rechtsgrundlage der \u00dcbermittlung ist Art. 6 Abs. 1 lit. f DSGVO. Die Creditreform Hagen Berkey und Riegel KG speichert und \u00fcbermittelt die Daten zum Zwecke der Beurteilung der Kreditw\u00fcrdigkeit oder Zahlungsf\u00e4higkeit von Verbrauchern und Schuldnern an ihre Vertragspartner (z. B. Versandhandels-, Finanzdienstleistungs-, Telekommunikations- und sonstige Unternehmen, die wegen wirtschaftlicher Vorleistungen finanzielle Risiken eingehen, sowie an mit dem Einzug von Forderungen beauftragte Stellen). Die Creditreform Hagen Berkey und Riegel KG stellt diese Daten ihren Vertragspartnern jedoch nur dann zur Verf\u00fcgung, wenn diese gem\u00e4\u00df Art. 6 Abs. 1 lit. f DSGVO ein berechtigtes Interesse an der Daten\u00fcbermittlung glaubhaft darlegen. Die \u00fcber Ihre Person gespeicherten Daten k\u00f6nnen von Ihnen bei der Creditreform Hagen Berkey und Riegel KG unter oben genannter Adresse angefragt werden.<\/p>\n\n\n\n<h5 class=\"wp-block-heading\">NEWSLETTER-ABONNEMENT<\/h5>\n\n\n\n<p>Der Websitebetreiber bietet Ihnen einen Newsletter an, in welchem er Sie \u00fcber aktuelle Geschehnisse und Angebote informiert. M\u00f6chten Sie den Newsletter abonnieren, m\u00fcssen Sie eine valide E-Mail-Adresse angeben. Rechte des Nutzers: Auskunft, Berichtigung und L\u00f6schung Sie als Nutzer erhalten auf Antrag Ihrerseits kostenlose Auskunft dar\u00fcber, welche personenbezogenen Daten \u00fcber Sie gespeichert wurden. Sofern Ihr Wunsch nicht mit einer gesetzlichen Pflicht zur Aufbewahrung von Daten (z. B. Vorratsdatenspeicherung) kollidiert, haben Sie ein Anrecht auf Berichtigung falscher Daten und auf die Sperrung oder L\u00f6schung Ihrer personenbezogenen Daten.<\/p>\n\n\n\n<h5 class=\"wp-block-heading\">HINWEISE ZUM NEWSLETTER UND EINWILLIGUNGEN<\/h5>\n\n\n\n<p>Mit den nachfolgenden Hinweisen kl\u00e4ren wir Sie \u00fcber die Inhalte unseres Newsletters sowie das Anmelde-, Versand- und das statistische Auswertungsverfahren sowie Ihre Widerspruchsrechte auf. Indem Sie unseren Newsletter abonnieren, erkl\u00e4ren Sie sich mit dem Empfang und den beschriebenen Verfahren einverstanden.<\/p>\n\n\n\n<h5 class=\"wp-block-heading\">INHALT DES NEWSLETTERS<\/h5>\n\n\n\n<p>Wir versenden Newsletter, E-Mails und weitere elektronische Benachrichtigungen mit werblichen Informationen (nachfolgend \u201eNewsletter\u201c) nur mit der Einwilligung der Empf\u00e4nger oder einer gesetzlichen Erlaubnis. Sofern im Rahmen einer Anmeldung zum Newsletter dessen Inhalte konkret umschrieben werden, sind sie f\u00fcr die Einwilligung der Nutzer ma\u00dfgeblich. Im \u00dcbrigen enthalten unsere Newsletter Informationen \u00fcber Rechtsthemen, insbesondere aus dem Bereich des Marketingrechts, Datenschutzes sowie \u00fcber unsere Kanzlei (hierzu k\u00f6nnen insbesondere Hinweise auf Blogbeitr\u00e4ge, Vortr\u00e4ge oder Workshops, unsere Leistungen oder Onlineauftritte geh\u00f6ren).<\/p>\n\n\n\n<h5 class=\"wp-block-heading\">DOUBLE-OPT-IN UND PROTOKOLLIERUNG<\/h5>\n\n\n\n<p>Die Anmeldung zu unserem Newsletter erfolgt in einem sog. Double-Opt-In-Verfahren. D.h. Sie erhalten nach der Anmeldung eine E-Mail, in der Sie um die Best\u00e4tigung Ihrer Anmeldung gebeten werden. Diese Best\u00e4tigung ist notwendig, damit sich niemand mit fremden E-Mailadressen anmelden kann. Die Anmeldungen zum Newsletter werden protokolliert, um den Anmeldeprozess entsprechend den rechtlichen Anforderungen nachweisen zu k\u00f6nnen. Hierzu geh\u00f6rt die Speicherung des Anmelde- und des Best\u00e4tigungszeitpunkts, als auch der IP-Adresse. Ebenso werden die \u00c4nderungen Ihrer bei MailChimp gespeicherten Daten protokolliert.<\/p>\n\n\n\n<h5 class=\"wp-block-heading\">EINSATZ DES VERSANDDIENSTLEISTERS \u201eMAILCHIMP\u201c<\/h5>\n\n\n\n<p>Der Versand der Newsletter erfolgt mittels \u201eMailChimp\u201c, einer Newsletter Versand Plattform des US-Anbieters Rocket Science Group, LLC, 675 Ponce De Leon Ave NE #5000, Atlanta, GA 30308, USA. Die E-Mail-Adressen unserer Newsletterempf\u00e4nger, als auch deren weitere, im Rahmen dieser Hinweise beschriebenen Daten, werden auf den Servern von MailChimp in den USA gespeichert. MailChimp verwendet diese Informationen zum Versand und zur Auswertung der Newsletter in unserem Auftrag. Des Weiteren kann MailChimp nach eigenen Informationen diese Daten zur Optimierung oder Verbesserung der eigenen Services nutzen, z.B. zur technischen Optimierung des Versandes und der Darstellung der Newsletter oder f\u00fcr wirtschaftliche Zwecke, um zu bestimmen aus welchen L\u00e4ndern die Empf\u00e4nger kommen. MailChimp nutzt die Daten unserer Newsletter Empf\u00e4nger jedoch nicht, um diese selbst anzuschreiben oder an Dritte weiterzugeben. Wir vertrauen auf die Zuverl\u00e4ssigkeit und die IT- sowie Datensicherheit von MailChimp. MailChimp ist unter dem US-EU-Datenschutzabkommen \u201ePrivacy Shield\u201c zertifiziert und verpflichtet sich damit die EU-Datenschutzvorgaben einzuhalten. Des Weiteren haben wir mit MailChimp ein \u201eData-Processing-Agreement\u201c abgeschlossen. Dabei handelt es sich um einen Vertrag, in dem sich MailChimp dazu verpflichtet, die Daten unserer Nutzer zu sch\u00fctzen, entsprechend dessen Datenschutzbestimmungen in unserem Auftrag zu verarbeiten und insbesondere nicht an Dritte weiter zu geben. Die Datenschutzbestimmungen von MailChimp k\u00f6nnen Sie hier einsehen.<\/p>\n\n\n\n<h5 class=\"wp-block-heading\">ANMELDEDATEN<\/h5>\n\n\n\n<p>Um sich f\u00fcr den Newsletter anzumelden, reicht es aus, wenn Sie Ihre E-Mailadresse angeben. Optional bitten wir Sie Ihren Vor- und Nachnamen anzugeben. Diese Angaben dienen lediglich der Personalisierung des Newsletters. Ferner bitten wir Sie ebenfalls optional Ihr Geburtsdatum, das Geschlecht und Ihre Branche anzugeben. Diese Informationen nutzen wir nur, um die Inhalte des Newsletters den Interessen unserer Leser anzupassen.<\/p>\n\n\n\n<h5 class=\"wp-block-heading\">STATISTISCHE ERHEBUNG UND ANALYSEN<\/h5>\n\n\n\n<p>Die Newsletter enthalten einen sog. \u201eweb-beacon\u201c, d.h. eine pixelgro\u00dfe Datei, die beim \u00d6ffnen des Newsletters von dem Server von MailChimp abgerufen wird. Im Rahmen dieses Abrufs werden zun\u00e4chst technische Informationen, wie Informationen zum Browser und Ihrem System, als auch Ihre IP-Adresse und Zeitpunkt des Abrufs erhoben. Diese Informationen werden zur technischen Verbesserung der Services anhand der technischen Daten oder der Zielgruppen und ihres Leseverhaltens anhand derer Abruforte (die mit Hilfe der IP-Adresse bestimmbar sind) oder der Zugriffszeiten genutzt. Zu den statistischen Erhebungen geh\u00f6rt ebenfalls die Feststellung, ob die Newsletter ge\u00f6ffnet werden, wann sie ge\u00f6ffnet werden und welche Links geklickt werden. Diese Informationen k\u00f6nnen aus technischen Gr\u00fcnden zwar den einzelnen Newsletter Empf\u00e4ngern zugeordnet werden. Es ist jedoch weder unser Bestreben, noch das von MailChimp, einzelne Nutzer zu beobachten. Die Auswertungen dienen uns viel mehr dazu, die Lesegewohnheiten unserer Nutzer zu erkennen und unsere Inhalte auf sie anzupassen oder unterschiedliche Inhalte entsprechend den Interessen unserer Nutzer zu versenden.<\/p>\n\n\n\n<h5 class=\"wp-block-heading\">ONLINE-AUFRUF UND DATENMANAGEMENT<\/h5>\n\n\n\n<p>Es gibt F\u00e4lle, in denen wir die Newsletter Empf\u00e4nger auf die Webseiten von MailChimp leiten. Z.B. enthalten unsere Newsletter einen Link, mit dem die Newsletter Empf\u00e4nger die Newsletter online abrufen k\u00f6nnen (z.B. bei Darstellungsproblemen im EMailprogramm). Ferner k\u00f6nnen Newsletter Empf\u00e4nger ihre Daten, wie z.B. die EMailadresse nachtr\u00e4glich korrigieren. Ebenso ist die Datenschutzerkl\u00e4rung von MailChimp nur auf deren Seite abrufbar. In diesem Zusammenhang wiesen wir darauf hin, dass auf den Webseiten von MailChimp Cookies eingesetzt und damit personenbezogene Daten durch MailChimp, deren Partnern und eingesetzten Dienstleistern (z.B. Google Analytics) verarbeitet werden. Auf diese Datenerhebung haben wir keinen Einfluss. Weitere Informationen k\u00f6nnen Sie der Datenschutzerkl\u00e4rung von MailChimp entnehmen.<\/p>\n\n\n\n<h5 class=\"wp-block-heading\">K\u00dcNDIGUNG\/WIDERRUF<\/h5>\n\n\n\n<p>Sie k\u00f6nnen den Empfang unseres Newsletters jederzeit k\u00fcndigen, d.h. Ihre Einwilligungen widerrufen. Damit erl\u00f6schen gleichzeitig Ihre Einwilligungen in dessen Versand via MailChimp und die statistischen Analysen. Ein getrennter Widerruf des Versandes via MailChimp oder der statistischen Auswertung ist leider nicht m\u00f6glich. Einen Link zur K\u00fcndigung des Newsletters finden Sie am Ende eines jeden Newsletters.<\/p>\n\n\n\n<h5 class=\"wp-block-heading\">COOKIES<\/h5>\n\n\n\n<p>Cookies sind sehr kleine, von Internetseiten verwendete Textdateien, die Ihr Browser auf Ihrem Computer speichert und durch die Stelle, die den Cookie setzt (hier durch uns), bestimmte Informationen zuflie\u00dfen. Cookies k\u00f6nnen keine Programme ausf\u00fchren oder Viren auf Ihren Computer \u00fcbertragen. Transiente Cookies werden automatisiert gel\u00f6scht, wenn Sie den Browser schlie\u00dfen. Dazu z\u00e4hlen insbesondere die Session-Cookies. Diese speichern eine sogenannte Session-ID, mit welcher sich verschiedene Anfragen Ihres Browsers der gemeinsamen Sitzung zuordnen lassen. Dadurch kann Ihr Rechner wiedererkannt werden, wenn Sie auf unsere Website zur\u00fcckkehren. Die Session-Cookies werden gel\u00f6scht, wenn Sie sich ausloggen oder den Browser schlie\u00dfen. Persistente Cookies werden automatisiert nach einer vorgegebenen Dauer gel\u00f6scht, die sich je nach Cookie unterscheiden kann. Sie k\u00f6nnen die Cookies in den Sicherheitseinstellungen Ihres Browsers jederzeit l\u00f6schen. Diese Informationen dienen dazu, unser Angebot zu optimieren und Ihnen mehr Komfort beim Surfen auf unseren Seiten zu bieten. Rechtsgrundlage f\u00fcr diese Datenverarbeitung ist Art. 6 Abs. 1 S. 1 lit. f DSGVO. Sie k\u00f6nnen Ihren Internetbrowser so einzustellen, dass Sie informiert werden, sobald ein Webserver ein Cookie an Sie senden m\u00f6chte. Sie k\u00f6nnen der Annahme des Cookies dann zustimmen oder dies auch ablehnen. Sie k\u00f6nnen Ihre Browser-Einstellung entsprechend Ihren W\u00fcnschen konfigurieren und z. B. die Annahme von Third-Party-Cookies oder allen Cookies ablehnen. Wir weisen Sie darauf hin, dass Sie eventuell nicht alle Funktionen dieser Website nutzen k\u00f6nnen. N\u00e4heres hierzu erfahren Sie im Hilfesystem Ihres Internetbrowsers.<\/p>\n\n\n\n<h5 class=\"wp-block-heading\">LOGFILES<\/h5>\n\n\n\n<p>Bei jedem Zugriff auf unsere Seite erheben wir folgende Informationen \u00fcber Ihren Computer: Die IP-Adresse Ihres Computers, die Anfrage Ihres Browsers sowie die Zeit dieser Anfrage. Au\u00dferdem werden der Status und die \u00fcbertragene Datenmenge im Rahmen dieser Anfrage erfasst, dar\u00fcber hinaus Produkt- und Versionsinformationen \u00fcber den verwendeten Browser und das Betriebssystem Ihres Computers. Wir erfassen weiter, von welcher Website aus der Zugriff auf unsere Seite erfolgte. Die IP-Adresse Ihres Computers wird dabei nur f\u00fcr die Zeit Ihrer Nutzung der Website gespeichert und im Anschluss daran unverz\u00fcglich gel\u00f6scht oder durch K\u00fcrzung anonymisiert. Die \u00fcbrigen Daten werden f\u00fcr eine begrenzte Zeitdauer gespeichert. Wir verwenden diese Daten f\u00fcr den Betrieb unserer Website, insbesondere um Fehler der Website festzustellen und zu beseitigen, um die Auslastung der Website festzustellen und um Anpassungen oder Verbesserungen vorzunehmen (Rechtsgrundlage: Art. 6 Abs. 1 S. 1 lit. f DSGVO).<\/p>\n\n\n\n<h5 class=\"wp-block-heading\">VERLINKUNGEN AUF SOCIAL-MEDIA PLATTFORMEN<\/h5>\n\n\n\n<p>Unser Webauftritt verweist auf unsere Seiten auf verschiedenen Social-Media-Plattformen. Wir weisen darauf hin, dass Sie mit dem Anklicken auf diese Links unseren Webauftritt und auch den Geltungsbereich dieser Datenschutzerkl\u00e4rung verlassen. Auf den Social-Media Plattformen gelten ausschlie\u00dflich die jeweiligen Datenschutzerkl\u00e4rungen und Nutzungsbedingungen des Betreibers der Social-Media Plattform.<\/p>\n\n\n\n<h5 class=\"wp-block-heading\">EINGEBETTETE INHALTE VON DRITTEN (Z. B. GOOGLE MAPS)<\/h5>\n\n\n\n<p>Sofern auf unseren Webseiten Inhalte von Drittanbietern, wie etwa Google Maps, dargestellt werden, ist f\u00fcr die Zurverf\u00fcgungstellung dieser Inhalte und der Anzeige in Ihrem Browser die \u00dcbermittlung Ihrer IP-Adresse und die unter \u201eLogfiles\u201c dargestellten Inhalte an den Drittanbieter erforderlich. Wir haben keinen Einfluss auf Datenverarbeitungen bei dem Drittanbieter. Sofern Sie bei dem Drittanbieter mit einem Nutzerkonto angemeldet sind, kann der Drittanbieter Ihr Nutzerverhalten Ihrem Nutzerkonto zuordnen. Gegebenenfalls speichert der Drittanbieter Ihre Daten als Nutzungsprofile und nutzt sie f\u00fcr Zwecke der Werbung, Marktforschung und\/oder bedarfsgerechten Gestaltung seiner Website. Widerspruchsrechte gegen die Bildung dieser Nutzerprofile m\u00fcssen Sie an den Drittanbieter richten. Weitere Informationen zu Zweck und Umfang der Datenerhebung und ihrer Verarbeitung durch den Drittanbieter erhalten Sie in dessen Datenschutzerkl\u00e4rung. Dort erhalten Sie auch weitere Informationen zu Ihren Rechten und Einstellungsm\u00f6glichkeiten zum Schutze Ihrer Privatsph\u00e4re:<\/p>\n\n\n\n<p>Google Inc., 1600 Amphitheater Parkway, Mountainview, California 94043, USA; https:\/\/www.google.com\/policies\/<br>privacy\/partners\/?hl=de. Google ist nach EU-US-Privacy-Shield zertifiziert.<\/p>\n\n\n\n<p>Sofern Sie uns gegen\u00fcber Einwilligungen abgegeben haben, k\u00f6nnen Sie diese jederzeit mit Wirkung f\u00fcr die Zukunft widerrufen. Soweit wir die Verarbeitung Ihrer personenbezogenen Daten auf die Interessenabw\u00e4gung st\u00fctzen, k\u00f6nnen Sie Widerspruch gegen die Verarbeitung einlegen. Bei Aus\u00fcbung eines solchen Widerspruchs bitten wir um Darlegung der Gr\u00fcnde, weshalb wir Ihre personenbezogenen Daten nicht wie von uns durchgef\u00fchrt verarbeiten sollten. Im Falle Ihres begr\u00fcndeten Widerspruchs pr\u00fcfen wir die Sachlage und werden entweder die Datenverarbeitung einstellen bzw. anpassen oder Ihnen unsere zwingenden schutzw\u00fcrdigen Gr\u00fcnde aufzeigen, aufgrund derer wir die Verarbeitung fortf\u00fchren. Sie k\u00f6nnen der Verarbeitung Ihrer personenbezogenen Daten f\u00fcr Zwecke der Werbung und Datenanalyse jederzeit widersprechen. Ihren Widerruf oder Widerspruch k\u00f6nnen Sie uns unter den Kontaktdaten unter \u201eVerantwortlicher\u201c zusenden.<\/p>\n\n\n\n<h5 class=\"wp-block-heading\">IHRE RECHTE<\/h5>\n\n\n\n<p>Sie haben gegen\u00fcber uns folgende Rechte hinsichtlich der Sie betreffenden personenbezogenen Daten:<\/p>\n\n\n\n<p>Recht auf Auskunft<br>Recht auf Berichtigung oder L\u00f6schung<br>Recht auf Einschr\u00e4nkung der Verarbeitung<br>Recht auf Widerspruch gegen die Verarbeitung<br>Recht auf Daten\u00fcbertragbarkeit.<\/p>\n\n\n\n<p>Sie haben zudem das Recht, sich bei einer Datenschutz-Aufsichtsbeh\u00f6rde \u00fcber die Verarbeitung Ihrer personenbezogenen Daten durch uns zu beschweren.<\/p>\n\n\n\n<h5 class=\"wp-block-heading\">VERANTWORTLICHER<\/h5>\n\n\n\n<p>YESSS Elektrofachgro\u00dfhandlung GmbH,<br>Fiduciastra\u00dfe 2<br>76227 Karlsruhe;<br>Tel.: +49(0) 721-4098 \u2013 0;<br>Fax: +49(0) 721-4098 \u2013 201;<br>E-Mail:\u00a0info@yesss.de<\/p>\n\n\n\n<p><\/p>\n","protected":false},"excerpt":{"rendered":"<p>(Stand: Februar 2020)Wir freuen uns \u00fcber Ihren Besuch unserer Website und \u00fcber Ihr Interesse an unserem Unternehmen und unseren Produkten. Hierbei achten wir Ihre Privatsph\u00e4re und gew\u00e4hrleisten den Schutz Ihrer personenbezogenen Daten, indem wir Ihre personenbezogenen Daten in \u00dcbereinstimmung mit dem Inhalt dieser Datenschutzbestimmungen sowie den anwendbaren Datenschutzgesetzen, verarbeiten. Sie k\u00f6nnen unsere Webseiten besuchen, ohne [&hellip;]<\/p>\n","protected":false},"author":1,"featured_media":0,"parent":0,"menu_order":0,"comment_status":"closed","ping_status":"closed","template":"","meta":{"footnotes":""},"class_list":["post-48","page","type-page","status-publish","hentry"],"_links":{"self":[{"href":"https:\/\/luxna-lighting.de\/wordpress\/index.php\/wp-json\/wp\/v2\/pages\/48","targetHints":{"allow":["GET"]}}],"collection":[{"href":"https:\/\/luxna-lighting.de\/wordpress\/index.php\/wp-json\/wp\/v2\/pages"}],"about":[{"href":"https:\/\/luxna-lighting.de\/wordpress\/index.php\/wp-json\/wp\/v2\/types\/page"}],"author":[{"embeddable":true,"href":"https:\/\/luxna-lighting.de\/wordpress\/index.php\/wp-json\/wp\/v2\/users\/1"}],"replies":[{"embeddable":true,"href":"https:\/\/luxna-lighting.de\/wordpress\/index.php\/wp-json\/wp\/v2\/comments?post=48"}],"version-history":[{"count":3,"href":"https:\/\/luxna-lighting.de\/wordpress\/index.php\/wp-json\/wp\/v2\/pages\/48\/revisions"}],"predecessor-version":[{"id":380,"href":"https:\/\/luxna-lighting.de\/wordpress\/index.php\/wp-json\/wp\/v2\/pages\/48\/revisions\/380"}],"wp:attachment":[{"href":"https:\/\/luxna-lighting.de\/wordpress\/index.php\/wp-json\/wp\/v2\/media?parent=48"}],"curies":[{"name":"wp","href":"https:\/\/api.w.org\/{rel}","templated":true}]}}